{"id":710,"date":"2018-02-05T07:36:27","date_gmt":"2018-02-05T06:36:27","guid":{"rendered":"http:\/\/apichamossaire.ch\/?page_id=710"},"modified":"2022-03-29T14:25:12","modified_gmt":"2022-03-29T13:25:12","slug":"urgence-apiculteur","status":"publish","type":"page","link":"https:\/\/www.apichamossaire.ch\/?page_id=710","title":{"rendered":"Urgence apiculteur"},"content":{"rendered":"<h3>Vous \u00eates un apiculteur et vous avez un probl\u00e8me ou une urgence<\/h3>\n<p>Contactez nos sp\u00e9cialistes.<\/p>\n<p style=\"padding-left: 30px;\">Pierre-Yves Marl\u00e9taz \/\u00a0079 232 54 86<\/p>\n","protected":false},"excerpt":{"rendered":"<p>Vous \u00eates un apiculteur et vous avez un probl\u00e8me ou une urgence Contactez nos sp\u00e9cialistes. Pierre-Yves Marl\u00e9taz \/\u00a0079 232 54 86<\/p>\n","protected":false},"author":3,"featured_media":717,"parent":715,"menu_order":0,"comment_status":"closed","ping_status":"closed","template":"","meta":{"jetpack_post_was_ever_published":false,"footnotes":""},"class_list":["post-710","page","type-page","status-publish","has-post-thumbnail","hentry"],"jetpack_sharing_enabled":true,"jetpack_shortlink":"https:\/\/wp.me\/P9tc5Z-bs","jetpack_likes_enabled":true,"jetpack-related-posts":[],"_links":{"self":[{"href":"https:\/\/www.apichamossaire.ch\/index.php?rest_route=\/wp\/v2\/pages\/710","targetHints":{"allow":["GET"]}}],"collection":[{"href":"https:\/\/www.apichamossaire.ch\/index.php?rest_route=\/wp\/v2\/pages"}],"about":[{"href":"https:\/\/www.apichamossaire.ch\/index.php?rest_route=\/wp\/v2\/types\/page"}],"author":[{"embeddable":true,"href":"https:\/\/www.apichamossaire.ch\/index.php?rest_route=\/wp\/v2\/users\/3"}],"replies":[{"embeddable":true,"href":"https:\/\/www.apichamossaire.ch\/index.php?rest_route=%2Fwp%2Fv2%2Fcomments&post=710"}],"version-history":[{"count":9,"href":"https:\/\/www.apichamossaire.ch\/index.php?rest_route=\/wp\/v2\/pages\/710\/revisions"}],"predecessor-version":[{"id":1677,"href":"https:\/\/www.apichamossaire.ch\/index.php?rest_route=\/wp\/v2\/pages\/710\/revisions\/1677"}],"up":[{"embeddable":true,"href":"https:\/\/www.apichamossaire.ch\/index.php?rest_route=\/wp\/v2\/pages\/715"}],"wp:featuredmedia":[{"embeddable":true,"href":"https:\/\/www.apichamossaire.ch\/index.php?rest_route=\/wp\/v2\/media\/717"}],"wp:attachment":[{"href":"https:\/\/www.apichamossaire.ch\/index.php?rest_route=%2Fwp%2Fv2%2Fmedia&parent=710"}],"curies":[{"name":"wp","href":"https:\/\/api.w.org\/{rel}","templated":true}]}}