{"id":613,"date":"2018-01-29T21:17:53","date_gmt":"2018-01-29T20:17:53","guid":{"rendered":"http:\/\/apichamossaire.ch\/?page_id=613"},"modified":"2022-03-29T14:24:29","modified_gmt":"2022-03-29T13:24:29","slug":"sos-un-essaim-dans-mon-jardin","status":"publish","type":"page","link":"https:\/\/www.apichamossaire.ch\/?page_id=613","title":{"rendered":"Un essaim dans mon jardin"},"content":{"rendered":"<h3>Vous \u00eates un particulier et un essaim a \u00e9lu domicile sur votre propri\u00e9t\u00e9.<\/h3>\n<p>Pas de panique !!! Surtout n&rsquo;intervenez pas et n&rsquo;essayez pas de l&rsquo;\u00e9liminer.<\/p>\n<p>Les apiculteurs de la soci\u00e9t\u00e9 Le Chamossaire sont \u00e0 votre disposition pour intervenir.<\/p>\n<p style=\"padding-left: 30px;\">Pierre-Yves Marl\u00e9taz \/\u00a0<span style=\"font-size: 1rem;\">079 232 54 86<\/span><\/p>\n<h3><a href=\"http:\/\/www.apiculture.ch\/sos-essaims\/\">Pour en savoir plus sur l&rsquo;essaimage<\/a><\/h3>\n","protected":false},"excerpt":{"rendered":"<p>Vous \u00eates un particulier et un essaim a \u00e9lu domicile sur votre propri\u00e9t\u00e9. Pas de panique !!! Surtout n&rsquo;intervenez pas et n&rsquo;essayez pas de l&rsquo;\u00e9liminer. Les apiculteurs de la soci\u00e9t\u00e9 Le Chamossaire sont \u00e0 votre disposition pour intervenir. Pierre-Yves Marl\u00e9taz \/\u00a0079 232 54 86 Pour en savoir plus sur l&rsquo;essaimage<\/p>\n","protected":false},"author":3,"featured_media":656,"parent":715,"menu_order":0,"comment_status":"closed","ping_status":"closed","template":"","meta":{"jetpack_post_was_ever_published":false,"footnotes":""},"class_list":["post-613","page","type-page","status-publish","has-post-thumbnail","hentry"],"jetpack_sharing_enabled":true,"jetpack_shortlink":"https:\/\/wp.me\/P9tc5Z-9T","jetpack_likes_enabled":true,"jetpack-related-posts":[],"_links":{"self":[{"href":"https:\/\/www.apichamossaire.ch\/index.php?rest_route=\/wp\/v2\/pages\/613","targetHints":{"allow":["GET"]}}],"collection":[{"href":"https:\/\/www.apichamossaire.ch\/index.php?rest_route=\/wp\/v2\/pages"}],"about":[{"href":"https:\/\/www.apichamossaire.ch\/index.php?rest_route=\/wp\/v2\/types\/page"}],"author":[{"embeddable":true,"href":"https:\/\/www.apichamossaire.ch\/index.php?rest_route=\/wp\/v2\/users\/3"}],"replies":[{"embeddable":true,"href":"https:\/\/www.apichamossaire.ch\/index.php?rest_route=%2Fwp%2Fv2%2Fcomments&post=613"}],"version-history":[{"count":11,"href":"https:\/\/www.apichamossaire.ch\/index.php?rest_route=\/wp\/v2\/pages\/613\/revisions"}],"predecessor-version":[{"id":1676,"href":"https:\/\/www.apichamossaire.ch\/index.php?rest_route=\/wp\/v2\/pages\/613\/revisions\/1676"}],"up":[{"embeddable":true,"href":"https:\/\/www.apichamossaire.ch\/index.php?rest_route=\/wp\/v2\/pages\/715"}],"wp:featuredmedia":[{"embeddable":true,"href":"https:\/\/www.apichamossaire.ch\/index.php?rest_route=\/wp\/v2\/media\/656"}],"wp:attachment":[{"href":"https:\/\/www.apichamossaire.ch\/index.php?rest_route=%2Fwp%2Fv2%2Fmedia&parent=613"}],"curies":[{"name":"wp","href":"https:\/\/api.w.org\/{rel}","templated":true}]}}