{"id":1802,"date":"2022-11-21T06:31:29","date_gmt":"2022-11-21T05:31:29","guid":{"rendered":"https:\/\/www.apichamossaire.ch\/?page_id=1802"},"modified":"2023-11-12T22:26:08","modified_gmt":"2023-11-12T21:26:08","slug":"frelon-asiatique","status":"publish","type":"page","link":"https:\/\/www.apichamossaire.ch\/?page_id=1802","title":{"rendered":"Frelon asiatique"},"content":{"rendered":"\n<p>Les d\u00e9l\u00e9gu\u00e9s pour la section du Chamossaire sont \u00e0 votre disposition pour tout renseignement compl\u00e9mentaire.<\/p>\n\n\n\n<ul class=\"wp-block-list\">\n<li>Olivier Zaffinetti<\/li>\n\n\n\n<li>Clyde Francey<\/li>\n<\/ul>\n\n\n\n<h2 class=\"wp-block-heading\">Suivi de l&rsquo;\u00e9volution et bonnes pratiques<\/h2>\n\n\n\n<p>Vous trouverez dans cette rubrique les informations n\u00e9cessaires concernant le frelon asiatique et la situation en Suisse.<\/p>\n\n\n\n<figure class=\"wp-block-image size-full\"><a href=\"https:\/\/i0.wp.com\/www.apichamossaire.ch\/wp-content\/uploads\/2022\/11\/fa-fc.jpg?ssl=1\"><img data-recalc-dims=\"1\" loading=\"lazy\" decoding=\"async\" width=\"525\" height=\"225\" data-attachment-id=\"1803\" data-permalink=\"https:\/\/www.apichamossaire.ch\/?attachment_id=1803\" data-orig-file=\"https:\/\/i0.wp.com\/www.apichamossaire.ch\/wp-content\/uploads\/2022\/11\/fa-fc.jpg?fit=650%2C279&amp;ssl=1\" data-orig-size=\"650,279\" data-comments-opened=\"0\" data-image-meta=\"{&quot;aperture&quot;:&quot;0&quot;,&quot;credit&quot;:&quot;&quot;,&quot;camera&quot;:&quot;&quot;,&quot;caption&quot;:&quot;&quot;,&quot;created_timestamp&quot;:&quot;0&quot;,&quot;copyright&quot;:&quot;&quot;,&quot;focal_length&quot;:&quot;0&quot;,&quot;iso&quot;:&quot;0&quot;,&quot;shutter_speed&quot;:&quot;0&quot;,&quot;title&quot;:&quot;&quot;,&quot;orientation&quot;:&quot;0&quot;}\" data-image-title=\"fa-fc\" data-image-description=\"\" data-image-caption=\"\" data-medium-file=\"https:\/\/i0.wp.com\/www.apichamossaire.ch\/wp-content\/uploads\/2022\/11\/fa-fc.jpg?fit=300%2C129&amp;ssl=1\" data-large-file=\"https:\/\/i0.wp.com\/www.apichamossaire.ch\/wp-content\/uploads\/2022\/11\/fa-fc.jpg?fit=525%2C225&amp;ssl=1\" src=\"https:\/\/i0.wp.com\/www.apichamossaire.ch\/wp-content\/uploads\/2022\/11\/fa-fc.jpg?resize=525%2C225&#038;ssl=1\" alt=\"\" class=\"wp-image-1803\" srcset=\"https:\/\/i0.wp.com\/www.apichamossaire.ch\/wp-content\/uploads\/2022\/11\/fa-fc.jpg?w=650&amp;ssl=1 650w, https:\/\/i0.wp.com\/www.apichamossaire.ch\/wp-content\/uploads\/2022\/11\/fa-fc.jpg?resize=300%2C129&amp;ssl=1 300w\" sizes=\"auto, (max-width: 525px) 100vw, 525px\" \/><\/a><\/figure>\n\n\n\n<h2 class=\"wp-block-heading\">Situation actuelle sur le Canton de Vaud<\/h2>\n\n\n\n<div class=\"wp-block-buttons is-layout-flex wp-block-buttons-is-layout-flex\">\n<div class=\"wp-block-button\"><a class=\"wp-block-button__link wp-element-button\" href=\"https:\/\/www.alpesapiculture.ch\/FA.html\" target=\"_blank\" rel=\"noreferrer noopener\">T\u00e9l\u00e9charger la d\u00e9p\u00eache frelon<\/a><\/div>\n<\/div>\n\n\n\n<div class=\"wp-block-buttons is-layout-flex wp-block-buttons-is-layout-flex\">\n<div class=\"wp-block-button\"><a class=\"wp-block-button__link wp-element-button\" href=\"https:\/\/alpesapiculture.ch\/CARTE_FA.jpg\" target=\"_blank\" rel=\"noreferrer noopener\">Carte des signalements VD<\/a><\/div>\n<\/div>\n\n\n\n<hr class=\"wp-block-separator has-alpha-channel-opacity\"\/>\n\n\n\n<h2 class=\"wp-block-heading\">J&rsquo;ai vu un frelon ou un nid. Que faire ?<\/h2>\n\n\n<div class=\"wp-block-image\">\n<figure class=\"aligncenter size-large\"><img data-recalc-dims=\"1\" loading=\"lazy\" decoding=\"async\" width=\"525\" height=\"386\" data-attachment-id=\"2037\" data-permalink=\"https:\/\/www.apichamossaire.ch\/?attachment_id=2037\" data-orig-file=\"https:\/\/i0.wp.com\/www.apichamossaire.ch\/wp-content\/uploads\/2023\/11\/IMG_20231112_222419.jpg?fit=1470%2C1080&amp;ssl=1\" data-orig-size=\"1470,1080\" data-comments-opened=\"0\" data-image-meta=\"{&quot;aperture&quot;:&quot;0&quot;,&quot;credit&quot;:&quot;&quot;,&quot;camera&quot;:&quot;&quot;,&quot;caption&quot;:&quot;&quot;,&quot;created_timestamp&quot;:&quot;0&quot;,&quot;copyright&quot;:&quot;&quot;,&quot;focal_length&quot;:&quot;0&quot;,&quot;iso&quot;:&quot;0&quot;,&quot;shutter_speed&quot;:&quot;0&quot;,&quot;title&quot;:&quot;&quot;,&quot;orientation&quot;:&quot;0&quot;}\" data-image-title=\"IMG_20231112_222419\" data-image-description=\"\" data-image-caption=\"\" data-medium-file=\"https:\/\/i0.wp.com\/www.apichamossaire.ch\/wp-content\/uploads\/2023\/11\/IMG_20231112_222419.jpg?fit=300%2C220&amp;ssl=1\" data-large-file=\"https:\/\/i0.wp.com\/www.apichamossaire.ch\/wp-content\/uploads\/2023\/11\/IMG_20231112_222419.jpg?fit=525%2C386&amp;ssl=1\" src=\"https:\/\/i0.wp.com\/www.apichamossaire.ch\/wp-content\/uploads\/2023\/11\/IMG_20231112_222419.jpg?resize=525%2C386&#038;ssl=1\" alt=\"\" class=\"wp-image-2037\" srcset=\"https:\/\/i0.wp.com\/www.apichamossaire.ch\/wp-content\/uploads\/2023\/11\/IMG_20231112_222419.jpg?resize=1024%2C752&amp;ssl=1 1024w, https:\/\/i0.wp.com\/www.apichamossaire.ch\/wp-content\/uploads\/2023\/11\/IMG_20231112_222419.jpg?resize=300%2C220&amp;ssl=1 300w, https:\/\/i0.wp.com\/www.apichamossaire.ch\/wp-content\/uploads\/2023\/11\/IMG_20231112_222419.jpg?resize=768%2C564&amp;ssl=1 768w, https:\/\/i0.wp.com\/www.apichamossaire.ch\/wp-content\/uploads\/2023\/11\/IMG_20231112_222419.jpg?w=1470&amp;ssl=1 1470w\" sizes=\"auto, (max-width: 767px) 89vw, (max-width: 1000px) 54vw, (max-width: 1071px) 543px, 580px\" \/><figcaption class=\"wp-element-caption\">Plus d&rsquo;informations en cliquant sur le bouton ci-dessous<\/figcaption><\/figure><\/div>\n\n\n<div class=\"wp-block-buttons is-layout-flex wp-block-buttons-is-layout-flex\">\n<div class=\"wp-block-button\"><a class=\"wp-block-button__link wp-element-button\" href=\"https:\/\/www.google.com\/url?sa=t&amp;rct=j&amp;q=&amp;esrc=s&amp;source=web&amp;cd=&amp;cad=rja&amp;uact=8&amp;ved=2ahUKEwiNlfvJsb6CAxUiwAIHHbMuA5MQFnoECBMQAQ&amp;url=https%3A%2F%2Fwww.frelonsasiatiques.fr%2Fdocuments-utiles%2Ftelecharger%2F13%2Fmethode-de-localisation-des-nids-de-frelons-asiatiques-tom-vrancken-1.pdf&amp;usg=AOvVaw3NRwHBzIH6JRUUE25XpuWy&amp;opi=89978449\" rel=\"\">Localisation d&rsquo;un nid avec la m\u00e9thode du pot \u00e0 m\u00e8che<\/a><\/div>\n<\/div>\n\n\n\n<div class=\"wp-block-buttons is-layout-flex wp-block-buttons-is-layout-flex\">\n<div class=\"wp-block-button has-custom-width wp-block-button__width-100\"><a class=\"wp-block-button__link wp-element-button\" href=\"https:\/\/www.apichamossaire.ch\/?page_id=1806\" rel=\"\">Annonces de suspicion de frelon asiatique <\/a><\/div>\n<\/div>\n\n\n\n<hr class=\"wp-block-separator has-alpha-channel-opacity\"\/>\n\n\n\n<h2 class=\"wp-block-heading\">Recommandations en mati\u00e8re de lutte contre le frelon asiatique <\/h2>\n\n\n\n<p>Les recommandations qui suivent ont \u00e9t\u00e9 mises \u00e0 jour en fonction des exp\u00e9riences des d\u00e9l\u00e9gu\u00e9s FA sur le terrain  <br \/>ainsi que celles effectu\u00e9es par la Task Force et les destructeurs de nids.<\/p>\n\n\n\n<p><strong>Observations : <\/strong><br \/>Nous demandons aux apiculteurs de prendre le temps d\u2019observer ce qui se passe devant les ruches. Le temps  <br \/>d\u2019observation recommand\u00e9 devant les ruches est de <strong>minimum 60 minutes<\/strong> pendant les plages horaires  <br \/>d&rsquo;activit\u00e9s des frelons asiatiques qui sont de <strong>8h \u00e0 12h et de 13h \u00e0 20h<\/strong>.<\/p>\n\n\n\n<p>Sachez que le FA n\u2019est pas toujours en vol stationnaire devant vos ruches, mais il peut \u00eatre pos\u00e9 sur une feuille,  <br \/>une fleur, votre bidon de sirop, etc. \u00e0 proximit\u00e9 de votre rucher (FA en pause). Merci donc de scruter \u00e9galement  <br \/>les alentours.<\/p>\n\n\n\n<p><strong>Annonces sur <a href=\"https:\/\/www.apichamossaire.ch\/?page_id=1806\">www.frelonasiatique.ch<\/a> :<\/strong>  <br \/>En ce qui concerne les annonces des apiculteurs, toute observation doit \u00eatre annonc\u00e9e, m\u00eame si cela est r\u00e9p\u00e9titif. <\/p>\n\n\n\n<p>Cela veut dire qu\u2019il est important de r\u00e9p\u00e9ter les annonces d\u2019observations faites \u00e0 chaque visite de rucher si cela  <br \/>est n\u00e9cessaire. Il est important pour la Task Force de savoir si l\u2019activit\u00e9 des FA se maintient, augmente ou diminue. <\/p>\n\n\n\n<p>Dans votre annonce, vous pouvez rajouter des commentaires \u00e0 ce sujet (par exemple \u00ab visite de 3 FA en 39  <br \/>minutes \u00bb). <\/p>\n\n\n\n<p>Si possible, merci d\u2019enregistrer les directions d\u2019envol que prennent les FA depuis le rucher pour rejoindre leur nid  <br \/>(par exemple \u00ab 1 FA rel\u00e2ch\u00e9 et parti dans la direction 157 \u00b0 (SE)). Par la suite, il est n\u00e9cessaire de confirmer une  <br \/>direction d\u2019envol par 4 l\u00e2chers de FA. En cas de doute, demandez conseil au d\u00e9l\u00e9gu\u00e9 FA de votre section.<\/p>\n\n\n\n<p><strong>Utilisation de la boussole sur votre smartphone :<\/strong> pour les personnes qui ne travaillent pas avec les cartes  <br \/>g\u00e9ographiques, il est possible de t\u00e9l\u00e9charger une boussole sur votre smartphone. Elle est facile d\u2019utilisation, vous  <br \/>permet de positionner votre smartphone en direction de la trajectoire d\u2019envol du FA et de relever ensuite l\u2019unique  <br \/>angle inscrit entre 0 et 360\u00b0. Allez dans \u00ab Play Store \u00bb, tapez \u00ab boussole \u00e9lectronique \u00bb, t\u00e9l\u00e9charger par ex.  <br \/>Axiomatic Inc.).<\/p>\n\n\n\n<p><strong>Mat\u00e9riel :<\/strong> si vous avez besoin d\u2019un filet \u00e0 papillon dans l\u2019imm\u00e9diat, merci de contacter votre d\u00e9l\u00e9gu\u00e9 FA ou d\u2019en  <br \/>confectionner un selon le mode d\u2019emploi suivant : <br \/>https:\/\/lepido.ch\/observer-dans-la-nature\/materiel-et-livres\/construire-un-filet\/<\/p>\n\n\n\n<p><strong>Destruction de nids primaires :<\/strong> <br \/>Dans tous les cas, photographiez et faites une annonce en cas de d\u00e9couverte d\u2019un nid primaire ou secondaire. Si  <br \/>vous vous faites aider par une tierce personne (par exemple un inspecteur), merci <strong>d\u2019annoncer l\u2019emplacement du  <\/strong><br \/><strong>rucher<\/strong> et non pas le domicile de la personne qui annonce). <br \/>Un nid primaire ne contient pas \u00e9norm\u00e9ment d\u2019individus, sa population est en principe calme et peu active en fin  <br \/>de journ\u00e9e. Il faut pr\u00e9voir le d\u00e9truire \u00e0 la tomb\u00e9e de la nuit (d\u00e9but de l\u2019obscurit\u00e9) ou vers 6h le matin, quand tous  <br \/>les individus sont de retour au nid.<\/p>\n\n\n\n<p>S\u2019il est possible de glisser rapidement un sac poubelle autour du nid et de fermer  <br \/>le sac imm\u00e9diatement (par exemple un nid suspendu \u00e0 une branche), la manipulation peut tout \u00e0 fait \u00eatre effectu\u00e9e  <br \/>par un apiculteur. Observer bien l\u2019activit\u00e9 de la colonie avant d\u2019agir.<\/p>\n\n\n\n<p>Mettez-vous toujours \u00e0 deux, quoiqu&rsquo;il arrive,  <br \/>c&rsquo;est toujours bien d&rsquo;\u00eatre deux. Il est \u00e9galement conseill\u00e9 de prendre des pr\u00e9cautions suppl\u00e9mentaires en s\u2019habillant  <br \/>avec deux couches d\u2019habits et en mettant les lunettes de protection que vous utilisez pour le traitement \u00e0 l\u2019AF (\u00e9vite de recevoir des projections de venin dans les yeux) ainsi que des gants tr\u00e8s \u00e9pais. Le butin est rapidement mis au  <br \/>cong\u00e9lateur pour inactiver totalement les insectes et les larves. Il est plus compliqu\u00e9 de d\u00e9truire un nid enchev\u00eatr\u00e9  <br \/>dans des poutres. Dans ce cas, faites l\u2019annonce et attendez que l\u2019inspecteur cantonal vous rappelle.<\/p>\n\n\n\n<p><strong>Destruction de nids secondaires : <\/strong><br \/>En cas de d\u00e9couverte de nids secondaires, merci d\u2019annoncer rapidement sur <a href=\"https:\/\/www.apichamossaire.ch\/?page_id=1806\">www.frelonasiatique.ch<\/a>. Les  <br \/>inspecteurs cantonaux Franck Crozet ou Alain Schmid reprendrons sans tarder contact avec vous pour la <br \/>destruction.<\/p>\n\n\n\n<p><strong>Que faire avec les nids d\u00e9mont\u00e9s ?<\/strong> <br \/>Merci de <strong>conserver au maximum<\/strong> les nids d\u00e9mont\u00e9s, si possible avec tous les individus qui sont \u00e9ventuellement  <br \/>tomb\u00e9s \u00e0 terre. Le Prof Daniel Cherix en a besoin pour faire avancer la science. Et n\u2019oubliez pas <strong>d\u2019annoncer une  <\/strong><br \/><strong>fois que le nid a \u00e9t\u00e9 d\u00e9truit<\/strong>, \u00e9galement sur frelonasiatique.ch, c\u2019est important.<\/p>\n\n\n\n<p><strong>Observations \u00e0 la suite d\u2019une destruction de nids :<\/strong><br \/>Nous remercions les d\u00e9tenteurs des ruchers dans les r\u00e9gions o\u00f9 ont \u00e9t\u00e9 d\u00e9truits des nids <strong>de continuer \u00e0 effectuer <\/strong><br \/><strong>les annonces<\/strong> sur <a href=\"https:\/\/www.apichamossaire.ch\/?page_id=1806\">www.frelonasiatique.ch<\/a>. Ceci est important pour pouvoir appr\u00e9cier l\u2019impact de la destruction d\u2019un  <br \/>nid et le suivi dans une zone donn\u00e9e.<\/p>\n\n\n\n<p><br \/><strong>UN TOUT GRAND MERCI DE VOTRE COLLABORATION<\/strong><\/p>\n","protected":false},"excerpt":{"rendered":"<p>Les d\u00e9l\u00e9gu\u00e9s pour la section du Chamossaire sont \u00e0 votre disposition pour tout renseignement compl\u00e9mentaire. Suivi de l&rsquo;\u00e9volution et bonnes pratiques Vous trouverez dans cette rubrique les informations n\u00e9cessaires concernant le frelon asiatique et la situation en Suisse. Situation actuelle sur le Canton de Vaud J&rsquo;ai vu un frelon ou un nid. Que faire ? &hellip; <\/p>\n<p class=\"link-more\"><a href=\"https:\/\/www.apichamossaire.ch\/?page_id=1802\" class=\"more-link\">Continuer la lecture<span class=\"screen-reader-text\"> de &laquo;&nbsp;Frelon asiatique&nbsp;&raquo;<\/span><\/a><\/p>\n","protected":false},"author":3,"featured_media":0,"parent":0,"menu_order":0,"comment_status":"closed","ping_status":"closed","template":"","meta":{"jetpack_post_was_ever_published":false,"footnotes":""},"class_list":["post-1802","page","type-page","status-publish","hentry"],"jetpack_sharing_enabled":true,"jetpack_shortlink":"https:\/\/wp.me\/P9tc5Z-t4","jetpack_likes_enabled":true,"jetpack-related-posts":[],"_links":{"self":[{"href":"https:\/\/www.apichamossaire.ch\/index.php?rest_route=\/wp\/v2\/pages\/1802","targetHints":{"allow":["GET"]}}],"collection":[{"href":"https:\/\/www.apichamossaire.ch\/index.php?rest_route=\/wp\/v2\/pages"}],"about":[{"href":"https:\/\/www.apichamossaire.ch\/index.php?rest_route=\/wp\/v2\/types\/page"}],"author":[{"embeddable":true,"href":"https:\/\/www.apichamossaire.ch\/index.php?rest_route=\/wp\/v2\/users\/3"}],"replies":[{"embeddable":true,"href":"https:\/\/www.apichamossaire.ch\/index.php?rest_route=%2Fwp%2Fv2%2Fcomments&post=1802"}],"version-history":[{"count":17,"href":"https:\/\/www.apichamossaire.ch\/index.php?rest_route=\/wp\/v2\/pages\/1802\/revisions"}],"predecessor-version":[{"id":2038,"href":"https:\/\/www.apichamossaire.ch\/index.php?rest_route=\/wp\/v2\/pages\/1802\/revisions\/2038"}],"wp:attachment":[{"href":"https:\/\/www.apichamossaire.ch\/index.php?rest_route=%2Fwp%2Fv2%2Fmedia&parent=1802"}],"curies":[{"name":"wp","href":"https:\/\/api.w.org\/{rel}","templated":true}]}}