{"id":1668,"date":"2022-03-29T14:17:33","date_gmt":"2022-03-29T13:17:33","guid":{"rendered":"http:\/\/apichamossaire.ch\/?page_id=1668"},"modified":"2022-11-15T13:35:46","modified_gmt":"2022-11-15T12:35:46","slug":"contact-et-adhesion","status":"publish","type":"page","link":"https:\/\/www.apichamossaire.ch\/?page_id=1668","title":{"rendered":"Contact et Adh\u00e9sion"},"content":{"rendered":"\n<p>Pour toute demande d\u2019info ou adh\u00e9sion \u00e0 la soci\u00e9t\u00e9, vous pouvez nous contacter via notre adresse mail.<\/p>\n\n\n\n<p class=\"has-text-align-center\"><strong><a href=\"mailto:apichamossaire@gmail.com\">apichamossaire(at)gmail.com<\/a><\/strong><\/p>\n\n\n\n<p>Les membres de notre soci\u00e9t\u00e9 poss\u00e8dent des ruches, la cotisation annuelle est de Fr. 85.\u2013, elle inclue la cotisation \u00e0 la FVA f\u00e9d\u00e9ration vaudoise, et la SAR soci\u00e9t\u00e9 romande.<br \/>Dans la cotisation est aussi compris l\u2019abonnement au journal suisse d\u2019apiculture qui parait tous les mois.<br \/>Si vous \u00eates d\u00e9j\u00e0 membre d\u2019une soci\u00e9t\u00e9 d\u2019apiculture, c\u2019est avec plaisir que vous pouvez participer \u00e0 la vie de notre soci\u00e9t\u00e9 en devenant membre ami.<\/p>\n\n\n\n<p>Au plaisir de vous rencontrer, \u00e0 bient\u00f4t.<\/p>\n\n\n\n<p>Le &nbsp;pr\u00e9sident<br \/>Pierre-Yves Marl\u00e9taz<\/p>\n","protected":false},"excerpt":{"rendered":"<p>Pour toute demande d\u2019info ou adh\u00e9sion \u00e0 la soci\u00e9t\u00e9, vous pouvez nous contacter via notre adresse mail. apichamossaire(at)gmail.com Les membres de notre soci\u00e9t\u00e9 poss\u00e8dent des ruches, la cotisation annuelle est de Fr. 85.\u2013, elle inclue la cotisation \u00e0 la FVA f\u00e9d\u00e9ration vaudoise, et la SAR soci\u00e9t\u00e9 romande.Dans la cotisation est aussi compris l\u2019abonnement au journal &hellip; <\/p>\n<p class=\"link-more\"><a href=\"https:\/\/www.apichamossaire.ch\/?page_id=1668\" class=\"more-link\">Continuer la lecture<span class=\"screen-reader-text\"> de &laquo;&nbsp;Contact et Adh\u00e9sion&nbsp;&raquo;<\/span><\/a><\/p>\n","protected":false},"author":3,"featured_media":0,"parent":0,"menu_order":0,"comment_status":"closed","ping_status":"closed","template":"","meta":{"jetpack_post_was_ever_published":false,"footnotes":""},"class_list":["post-1668","page","type-page","status-publish","hentry"],"jetpack_sharing_enabled":true,"jetpack_shortlink":"https:\/\/wp.me\/P9tc5Z-qU","jetpack_likes_enabled":true,"jetpack-related-posts":[],"_links":{"self":[{"href":"https:\/\/www.apichamossaire.ch\/index.php?rest_route=\/wp\/v2\/pages\/1668","targetHints":{"allow":["GET"]}}],"collection":[{"href":"https:\/\/www.apichamossaire.ch\/index.php?rest_route=\/wp\/v2\/pages"}],"about":[{"href":"https:\/\/www.apichamossaire.ch\/index.php?rest_route=\/wp\/v2\/types\/page"}],"author":[{"embeddable":true,"href":"https:\/\/www.apichamossaire.ch\/index.php?rest_route=\/wp\/v2\/users\/3"}],"replies":[{"embeddable":true,"href":"https:\/\/www.apichamossaire.ch\/index.php?rest_route=%2Fwp%2Fv2%2Fcomments&post=1668"}],"version-history":[{"count":4,"href":"https:\/\/www.apichamossaire.ch\/index.php?rest_route=\/wp\/v2\/pages\/1668\/revisions"}],"predecessor-version":[{"id":1770,"href":"https:\/\/www.apichamossaire.ch\/index.php?rest_route=\/wp\/v2\/pages\/1668\/revisions\/1770"}],"wp:attachment":[{"href":"https:\/\/www.apichamossaire.ch\/index.php?rest_route=%2Fwp%2Fv2%2Fmedia&parent=1668"}],"curies":[{"name":"wp","href":"https:\/\/api.w.org\/{rel}","templated":true}]}}