{"id":1588,"date":"2022-01-13T19:28:11","date_gmt":"2022-01-13T18:28:11","guid":{"rendered":"http:\/\/apichamossaire.ch\/?page_id=1588"},"modified":"2022-01-13T19:28:11","modified_gmt":"2022-01-13T18:28:11","slug":"claude-joel-rod","status":"publish","type":"page","link":"https:\/\/www.apichamossaire.ch\/?page_id=1588","title":{"rendered":"Claude-Jo\u00ebl Rod"},"content":{"rendered":"\n<h2 class=\"wp-block-heading\">Coordonn\u00e9es<\/h2>\n\n\n\n<p>Claude-Jo\u00ebl Rod<br> Chemin de la Chapelle 5<br> 1880 Les Posses-sur-Bex<\/p>\n\n\n\n<p>079\/340\u201957\u201926<\/p>\n\n\n\n<h2 class=\"wp-block-heading\">Produits<\/h2>\n\n\n\n<ul class=\"wp-block-list\"><li>Miels<\/li><\/ul>\n\n\n\n<h2 class=\"wp-block-heading\">Situation du rucher<\/h2>\n\n\n\n<p>Les Posses-Dessous<\/p>\n\n\n\n<h2 class=\"wp-block-heading\">Description<\/h2>\n\n\n\n<p>Je n&rsquo;ai que quelques ruches et mes produits sont disponibles en quantit\u00e9 limit\u00e9e.<br>Merci pour votre compr\u00e9hension et au plaisir de vous rencontrer.<\/p>\n\n\n\n<h2 class=\"wp-block-heading\">Moyen de paiement<\/h2>\n\n\n\n<ul class=\"wp-block-list\"><li>Cash<\/li><li>Twint<\/li><\/ul>\n\n\n\n<p><\/p>\n","protected":false},"excerpt":{"rendered":"<p>Coordonn\u00e9es Claude-Jo\u00ebl Rod Chemin de la Chapelle 5 1880 Les Posses-sur-Bex 079\/340\u201957\u201926 Produits Miels Situation du rucher Les Posses-Dessous Description Je n&rsquo;ai que quelques ruches et mes produits sont disponibles en quantit\u00e9 limit\u00e9e.Merci pour votre compr\u00e9hension et au plaisir de vous rencontrer. Moyen de paiement Cash Twint<\/p>\n","protected":false},"author":3,"featured_media":0,"parent":0,"menu_order":0,"comment_status":"closed","ping_status":"closed","template":"","meta":{"jetpack_post_was_ever_published":false,"footnotes":""},"class_list":["post-1588","page","type-page","status-publish","hentry"],"jetpack_sharing_enabled":true,"jetpack_shortlink":"https:\/\/wp.me\/P9tc5Z-pC","jetpack_likes_enabled":true,"jetpack-related-posts":[],"_links":{"self":[{"href":"https:\/\/www.apichamossaire.ch\/index.php?rest_route=\/wp\/v2\/pages\/1588","targetHints":{"allow":["GET"]}}],"collection":[{"href":"https:\/\/www.apichamossaire.ch\/index.php?rest_route=\/wp\/v2\/pages"}],"about":[{"href":"https:\/\/www.apichamossaire.ch\/index.php?rest_route=\/wp\/v2\/types\/page"}],"author":[{"embeddable":true,"href":"https:\/\/www.apichamossaire.ch\/index.php?rest_route=\/wp\/v2\/users\/3"}],"replies":[{"embeddable":true,"href":"https:\/\/www.apichamossaire.ch\/index.php?rest_route=%2Fwp%2Fv2%2Fcomments&post=1588"}],"version-history":[{"count":4,"href":"https:\/\/www.apichamossaire.ch\/index.php?rest_route=\/wp\/v2\/pages\/1588\/revisions"}],"predecessor-version":[{"id":1592,"href":"https:\/\/www.apichamossaire.ch\/index.php?rest_route=\/wp\/v2\/pages\/1588\/revisions\/1592"}],"wp:attachment":[{"href":"https:\/\/www.apichamossaire.ch\/index.php?rest_route=%2Fwp%2Fv2%2Fmedia&parent=1588"}],"curies":[{"name":"wp","href":"https:\/\/api.w.org\/{rel}","templated":true}]}}