{"id":12,"date":"2013-11-01T22:34:19","date_gmt":"2013-11-01T21:34:19","guid":{"rendered":"http:\/\/apichamossaire.ch\/demo\/?page_id=12"},"modified":"2025-01-06T10:47:55","modified_gmt":"2025-01-06T09:47:55","slug":"le-comite-et-responsables","status":"publish","type":"page","link":"https:\/\/www.apichamossaire.ch\/?page_id=12","title":{"rendered":"Le comit\u00e9 et responsables"},"content":{"rendered":"\n<p class=\"has-medium-font-size\"><strong><u>Le comit\u00e9<\/u><\/strong><\/p>\n\n\n\n<div class=\"wp-block-columns is-layout-flex wp-container-core-columns-is-layout-1 wp-block-columns-is-layout-flex\">\n<div class=\"wp-block-column is-layout-flow wp-block-column-is-layout-flow\" style=\"flex-basis:100%\">\n<figure class=\"wp-block-table is-style-stripes has-small-font-size\"><table class=\"has-fixed-layout\"><tbody><tr><td>Marl\u00e9taz<\/td><td>Pierre-Yves<\/td><td>Pr\u00e9sident<br>Rucher de la soci\u00e9t\u00e9<br>Moniteur \u00e9leveur<\/td><td>1880 Les Plans-sur-Bex<\/td><td>079 232 54 86<\/td><td><a href=\"http:\/\/apichamossaire.ch\/?page_id=174\">envoyer un email \u00e0 Pierre-Yves<\/a><\/td><\/tr><tr><td>Corth\u00e9sy<\/td><td>Marijo<\/td><td>Secr\u00e9taire<br>Vice Pr\u00e9sidente<\/td><td>1882 Gryon<\/td><td>079 265 39 78<\/td><td><a href=\"http:\/\/apichamossaire.ch\/?page_id=636\">envoyer un email \u00e0 Marijo<\/a><\/td><\/tr><tr><td>Formaz<\/td><td>Herv\u00e9<\/td><td>Contr\u00f4leur du miel<br>Conseiller apicole<br>Rucher de la soci\u00e9t\u00e9<\/td><td>1890 St-Maurice<\/td><td>079 599 95 48<\/td><td><a href=\"http:\/\/apichamossaire.ch\/?page_id=631\">envoyer un email \u00e0 Herv\u00e9<\/a><\/td><\/tr><tr><td>Duarte Freire<\/td><td>Marcia<\/td><td>Caissi\u00e8re<\/td><td>1880 Bex<\/td><td>079 293 58 18<\/td><td><a href=\"https:\/\/www.apichamossaire.ch\/?page_id=1797\" target=\"_blank\" rel=\"noreferrer noopener\">envoyer un email \u00e0 Marcia<\/a><\/td><\/tr><tr><td>Zaffinetti<\/td><td>Olivier<\/td><td>Promotion du miel<br>D\u00e9l\u00e9gu\u00e9 frelon asiatique<\/td><td>1880 Les Posses<\/td><td>079 427 70 71<\/td><td><a href=\"https:\/\/www.apichamossaire.ch\/?page_id=2099\">envoyer un mail \u00e0 Olivier<\/a><\/td><\/tr><\/tbody><\/table><\/figure>\n<\/div>\n<\/div>\n\n\n\n<p class=\"has-medium-font-size\"><strong><u>Responsables hors comit\u00e9<\/u><\/strong><\/p>\n\n\n\n<figure class=\"wp-block-table is-style-stripes has-small-font-size\"><table class=\"has-fixed-layout\"><tbody><tr><td>Mamin<\/td><td>Pierre-Alain<\/td><td>Repr\u00e9sentant inspectorat<\/td><td>1880 Bex<\/td><td>024 463 29 27<\/td><td><a href=\"http:\/\/apichamossaire.ch\/?page_id=221\">envoyer un email \u00e0 Pierre-Alain<\/a><\/td><\/tr><tr><td>Francey<\/td><td>Clyde<\/td><td>Site internet<br>Communication digitale<br>D\u00e9l\u00e9gu\u00e9 frelon asiatique<\/td><td>1880 Les D\u00e9vens<\/td><td>075 414 40 94<\/td><td><a href=\"http:\/\/apichamossaire.ch\/?page_id=668\">envoyer un email \u00e0 Clyde<\/a><\/td><\/tr><\/tbody><\/table><\/figure>\n\n\n\n<p class=\"has-medium-font-size\"><strong><u>Moniteur \u00e9leveur (SAR)<\/u><\/strong><\/p>\n\n\n\n<figure class=\"wp-block-table is-style-stripes has-small-font-size\"><table class=\"has-fixed-layout\"><tbody><tr><td>Marl\u00e9taz<\/td><td>Pierre-Yves<\/td><td>&nbsp;<\/td><td>1880 Les Plans-sur-Bex<\/td><td>079 232 54 86<\/td><td><a href=\"http:\/\/apichamossaire.ch\/?page_id=174\">envoyer un mail \u00e0 Pierre-Yves<\/a><\/td><\/tr><\/tbody><\/table><\/figure>\n\n\n\n<p class=\"has-medium-font-size\"><strong><u>Responsable des pes\u00e9es<\/u><\/strong><\/p>\n\n\n\n<figure class=\"wp-block-table is-style-stripes\"><table><tbody><tr><td>Vacant<\/td><td>&nbsp;<\/td><td>&nbsp;<\/td><td>&nbsp;<\/td><td>&nbsp;<\/td><td>&nbsp;<\/td><\/tr><\/tbody><\/table><\/figure>\n\n\n\n<p class=\"has-medium-font-size\"><strong><u>Inspecteur des ruchers<\/u><\/strong><\/p>\n\n\n\n<figure class=\"wp-block-table is-style-stripes has-small-font-size\"><table class=\"has-fixed-layout\"><tbody><tr><td>Cantonal<\/td><td>Crozet<\/td><td>Frank<\/td><td>1306 Daillens<\/td><td>079 815 71 20<\/td><td>021 862 90 78<\/td><\/tr><tr><td>R\u00e9gional<\/td><td>Guillet<\/td><td>Fr\u00e9d\u00e9ric<\/td><td>1845 Noville<\/td><td>079 290 28 15<\/td><td>021 968 11 55<\/td><\/tr><tr><td>Section<\/td><td>Anciennement<br>Pierre-Andr\u00e9 Mamin<\/td><td>Poste actuellement vacant<\/td><td>&nbsp;<\/td><td>&nbsp;<\/td><td>&nbsp;<\/td><\/tr><\/tbody><\/table><\/figure>\n","protected":false},"excerpt":{"rendered":"<p>Le comit\u00e9 Marl\u00e9taz Pierre-Yves Pr\u00e9sidentRucher de la soci\u00e9t\u00e9Moniteur \u00e9leveur 1880 Les Plans-sur-Bex 079 232 54 86 envoyer un email \u00e0 Pierre-Yves Corth\u00e9sy Marijo Secr\u00e9taireVice Pr\u00e9sidente 1882 Gryon 079 265 39 78 envoyer un email \u00e0 Marijo Formaz Herv\u00e9 Contr\u00f4leur du mielConseiller apicoleRucher de la soci\u00e9t\u00e9 1890 St-Maurice 079 599 95 48 envoyer un email \u00e0 &hellip; <\/p>\n<p class=\"link-more\"><a href=\"https:\/\/www.apichamossaire.ch\/?page_id=12\" class=\"more-link\">Continuer la lecture<span class=\"screen-reader-text\"> de &laquo;&nbsp;Le comit\u00e9 et responsables&nbsp;&raquo;<\/span><\/a><\/p>\n","protected":false},"author":1,"featured_media":0,"parent":0,"menu_order":0,"comment_status":"closed","ping_status":"closed","template":"","meta":{"jetpack_post_was_ever_published":false,"footnotes":""},"class_list":["post-12","page","type-page","status-publish","hentry"],"jetpack_sharing_enabled":true,"jetpack_shortlink":"https:\/\/wp.me\/P9tc5Z-c","jetpack_likes_enabled":true,"jetpack-related-posts":[],"_links":{"self":[{"href":"https:\/\/www.apichamossaire.ch\/index.php?rest_route=\/wp\/v2\/pages\/12","targetHints":{"allow":["GET"]}}],"collection":[{"href":"https:\/\/www.apichamossaire.ch\/index.php?rest_route=\/wp\/v2\/pages"}],"about":[{"href":"https:\/\/www.apichamossaire.ch\/index.php?rest_route=\/wp\/v2\/types\/page"}],"author":[{"embeddable":true,"href":"https:\/\/www.apichamossaire.ch\/index.php?rest_route=\/wp\/v2\/users\/1"}],"replies":[{"embeddable":true,"href":"https:\/\/www.apichamossaire.ch\/index.php?rest_route=%2Fwp%2Fv2%2Fcomments&post=12"}],"version-history":[{"count":83,"href":"https:\/\/www.apichamossaire.ch\/index.php?rest_route=\/wp\/v2\/pages\/12\/revisions"}],"predecessor-version":[{"id":2401,"href":"https:\/\/www.apichamossaire.ch\/index.php?rest_route=\/wp\/v2\/pages\/12\/revisions\/2401"}],"wp:attachment":[{"href":"https:\/\/www.apichamossaire.ch\/index.php?rest_route=%2Fwp%2Fv2%2Fmedia&parent=12"}],"curies":[{"name":"wp","href":"https:\/\/api.w.org\/{rel}","templated":true}]}}