{"id":1149,"date":"2019-02-19T10:38:24","date_gmt":"2019-02-19T09:38:24","guid":{"rendered":"http:\/\/apichamossaire.ch\/?page_id=1149"},"modified":"2020-01-24T07:59:00","modified_gmt":"2020-01-24T06:59:00","slug":"annonce-de-deplacement-de-ruches","status":"publish","type":"page","link":"https:\/\/www.apichamossaire.ch\/?page_id=1149","title":{"rendered":"Annonce de d\u00e9placement de ruches"},"content":{"rendered":"<p>Ch\u00e8res apicultrices, Chers apiculteurs,<\/p>\n<p>Tous les d\u00e9placements, sans exception, doivent \u00eatre pr\u00e9alablement annonc\u00e9s aux inspecteurs concern\u00e9s, puis <a href=\"http:\/\/apichamossaire.ch\/?p=1044\" target=\"_blank\" rel=\"noopener noreferrer\"><span style=\"color: #0000ff;\">not\u00e9s dans vos registres<\/span><\/a>.<\/p>\n<p>Afin de faciliter cette op\u00e9ration, les d\u00e9placements des membres de la Soci\u00e9t\u00e9 du Chamossaire peuvent maintenant \u00eatre annonc\u00e9s directement via le formulaire d&rsquo;annonce ci-dessous.<\/p>\n<p>Vous pouvez \u00e9galement contacter les inspecteurs par t\u00e9l\u00e9phone en vous basant sur la liste disponible <a href=\"https:\/\/static1.squarespace.com\/static\/568fdcf9b204d5eb02ad4fb7\/t\/5ab37fec1ae6cffd4cdc34d1\/1521713137652\/Liste_IR_2018.pdf\" target=\"_blank\" rel=\"noopener noreferrer\"><span style=\"color: #0000ff;\">ici<\/span><\/a>.<\/p>\n<p>Le\u00a0 Pr\u00e9sident<br \/>\nPierre-Yves Marl\u00e9taz<\/p>\n\n<div class=\"wpcf7 no-js\" id=\"wpcf7-f1148-o1\" lang=\"fr-FR\" dir=\"ltr\" data-wpcf7-id=\"1148\">\n<div class=\"screen-reader-response\"><p role=\"status\" aria-live=\"polite\" aria-atomic=\"true\"><\/p> <ul><\/ul><\/div>\n<form action=\"\/index.php?rest_route=%2Fwp%2Fv2%2Fpages%2F1149#wpcf7-f1148-o1\" method=\"post\" class=\"wpcf7-form init\" aria-label=\"Formulaire de contact\" novalidate=\"novalidate\" data-status=\"init\">\n<div style=\"display: none;\">\n<input type=\"hidden\" name=\"_wpcf7\" value=\"1148\" \/>\n<input type=\"hidden\" name=\"_wpcf7_version\" value=\"6.0.2\" \/>\n<input type=\"hidden\" name=\"_wpcf7_locale\" value=\"fr_FR\" \/>\n<input type=\"hidden\" name=\"_wpcf7_unit_tag\" value=\"wpcf7-f1148-o1\" \/>\n<input type=\"hidden\" name=\"_wpcf7_container_post\" value=\"0\" \/>\n<input type=\"hidden\" name=\"_wpcf7_posted_data_hash\" value=\"\" \/>\n<input type=\"hidden\" name=\"_wpcf7_recaptcha_response\" value=\"\" \/>\n<\/div>\n<p>Votre nom et pr\u00e9nom (obligatoire)\n<\/p>\n<p><span class=\"wpcf7-form-control-wrap\" data-name=\"your-name\"><input size=\"40\" maxlength=\"400\" class=\"wpcf7-form-control wpcf7-text wpcf7-validates-as-required\" aria-required=\"true\" aria-invalid=\"false\" value=\"\" type=\"text\" name=\"your-name\" \/><\/span>\n<\/p>\n<p>Votre email (obligatoire)\n<\/p>\n<p><span class=\"wpcf7-form-control-wrap\" data-name=\"your-email\"><input size=\"40\" maxlength=\"400\" class=\"wpcf7-form-control wpcf7-email wpcf7-validates-as-required wpcf7-text wpcf7-validates-as-email\" aria-required=\"true\" aria-invalid=\"false\" value=\"\" type=\"email\" name=\"your-email\" \/><\/span>\n<\/p>\n<p>Votre num\u00e9ro de t\u00e9l\u00e9phone\n<\/p>\n<p><span class=\"wpcf7-form-control-wrap\" data-name=\"tel-22\"><input size=\"40\" maxlength=\"400\" class=\"wpcf7-form-control wpcf7-tel wpcf7-text wpcf7-validates-as-tel\" aria-invalid=\"false\" value=\"\" type=\"tel\" name=\"tel-22\" \/><\/span>\n<\/p>\n<p>N\u00b0 cantonal du rucher de provenance (obligatoire)\n<\/p>\n<p><span class=\"wpcf7-form-control-wrap\" data-name=\"Provenancerucher\"><input size=\"40\" maxlength=\"400\" class=\"wpcf7-form-control wpcf7-text wpcf7-validates-as-required\" aria-required=\"true\" aria-invalid=\"false\" value=\"\" type=\"text\" name=\"Provenancerucher\" \/><\/span>\n<\/p>\n<p>N\u00b0 cantonal du rucher de destination (obligatoire)\n<\/p>\n<p><span class=\"wpcf7-form-control-wrap\" data-name=\"Destinationnrucher\"><input size=\"40\" maxlength=\"400\" class=\"wpcf7-form-control wpcf7-text wpcf7-validates-as-required\" aria-required=\"true\" aria-invalid=\"false\" value=\"\" type=\"text\" name=\"Destinationnrucher\" \/><\/span>\n<\/p>\n<p>Date pr\u00e9vue du d\u00e9placement (obligatoire)\n<\/p>\n<p><span class=\"wpcf7-form-control-wrap\" data-name=\"datedplacement\"><input class=\"wpcf7-form-control wpcf7-date wpcf7-validates-as-required wpcf7-validates-as-date\" aria-required=\"true\" aria-invalid=\"false\" value=\"\" type=\"date\" name=\"datedplacement\" \/><\/span>\n<\/p>\n<p>Votre message (facultatif)\n<\/p>\n<p><span class=\"wpcf7-form-control-wrap\" data-name=\"your-message\"><textarea cols=\"40\" rows=\"10\" maxlength=\"2000\" class=\"wpcf7-form-control wpcf7-textarea\" aria-invalid=\"false\" name=\"your-message\"><\/textarea><\/span>\n<\/p>\n<p><input class=\"wpcf7-form-control wpcf7-submit has-spinner\" type=\"submit\" value=\"Envoyer\" \/>\n<\/p><div class=\"wpcf7-response-output\" aria-hidden=\"true\"><\/div>\n<\/form>\n<\/div>\n\n","protected":false},"excerpt":{"rendered":"<p>Ch\u00e8res apicultrices, Chers apiculteurs, Tous les d\u00e9placements, sans exception, doivent \u00eatre pr\u00e9alablement annonc\u00e9s aux inspecteurs concern\u00e9s, puis not\u00e9s dans vos registres. Afin de faciliter cette op\u00e9ration, les d\u00e9placements des membres de la Soci\u00e9t\u00e9 du Chamossaire peuvent maintenant \u00eatre annonc\u00e9s directement via le formulaire d&rsquo;annonce ci-dessous. Vous pouvez \u00e9galement contacter les inspecteurs par t\u00e9l\u00e9phone en vous &hellip; <\/p>\n<p class=\"link-more\"><a href=\"https:\/\/www.apichamossaire.ch\/?page_id=1149\" class=\"more-link\">Continuer la lecture<span class=\"screen-reader-text\"> de &laquo;&nbsp;Annonce de d\u00e9placement de ruches&nbsp;&raquo;<\/span><\/a><\/p>\n","protected":false},"author":3,"featured_media":0,"parent":0,"menu_order":0,"comment_status":"closed","ping_status":"closed","template":"","meta":{"jetpack_post_was_ever_published":false,"footnotes":""},"class_list":["post-1149","page","type-page","status-publish","hentry"],"jetpack_sharing_enabled":true,"jetpack_shortlink":"https:\/\/wp.me\/P9tc5Z-ix","jetpack_likes_enabled":true,"jetpack-related-posts":[],"_links":{"self":[{"href":"https:\/\/www.apichamossaire.ch\/index.php?rest_route=\/wp\/v2\/pages\/1149","targetHints":{"allow":["GET"]}}],"collection":[{"href":"https:\/\/www.apichamossaire.ch\/index.php?rest_route=\/wp\/v2\/pages"}],"about":[{"href":"https:\/\/www.apichamossaire.ch\/index.php?rest_route=\/wp\/v2\/types\/page"}],"author":[{"embeddable":true,"href":"https:\/\/www.apichamossaire.ch\/index.php?rest_route=\/wp\/v2\/users\/3"}],"replies":[{"embeddable":true,"href":"https:\/\/www.apichamossaire.ch\/index.php?rest_route=%2Fwp%2Fv2%2Fcomments&post=1149"}],"version-history":[{"count":10,"href":"https:\/\/www.apichamossaire.ch\/index.php?rest_route=\/wp\/v2\/pages\/1149\/revisions"}],"predecessor-version":[{"id":1332,"href":"https:\/\/www.apichamossaire.ch\/index.php?rest_route=\/wp\/v2\/pages\/1149\/revisions\/1332"}],"wp:attachment":[{"href":"https:\/\/www.apichamossaire.ch\/index.php?rest_route=%2Fwp%2Fv2%2Fmedia&parent=1149"}],"curies":[{"name":"wp","href":"https:\/\/api.w.org\/{rel}","templated":true}]}}